{"id":706,"date":"2018-09-18T16:34:34","date_gmt":"2018-09-18T14:34:34","guid":{"rendered":"http:\/\/pm.spinon.fr\/?page_id=706"},"modified":"2018-09-19T15:07:11","modified_gmt":"2018-09-19T13:07:11","slug":"calendar","status":"publish","type":"page","link":"https:\/\/pm.spinon.fr\/en\/calendar\/","title":{"rendered":"Calendar"},"content":{"rendered":"<form class=\"moteur-wrapper\" method=\"GET\" action=\"\/agenda\">\n    <div class=\"moteur-field-wrapper w200p field-select\">\n        {{spinon|||select|||manifestationstype|||event type}}\n    <\/div>\n\n    <div class=\"moteur-field-wrapper-group\">\n        <div class=\"moteur-field-wrapper field-date\">\n            <div class=\"field-datepicker-container\"><\/div>\n            <div class=\"field-icon field-icon--calendar\"><\/div>\n            <input id=\"datedebut\" class=\"js-pickadate\" type=\"date\" name=\"datedebut\" data-min-for=\"datefin\" placeholder=\"arrival\"\n                value=\"\" \/>\n        <\/div>\n        <div class=\"moteur-field-wrapper field-date\">\n            <div class=\"field-datepicker-container\"><\/div>\n            <div class=\"field-icon field-icon--calendar\"><\/div>\n            <input id=\"datefin\" class=\"js-pickadate\" type=\"date\" name=\"datefin\" data-max-for=\"datedebut\" placeholder=\"departure\"\n                value=\"\" \/>\n        <\/div>\n    <\/div>\n\n    <div class=\"moteur-field-wrapper field-search\">\n        <div class=\"field-icon field-icon--loupe\"><\/div>\n        <input id=\"sq\" name=\"sq\" type=\"text\" placeholder=\"search...\">\n    <\/div>\n\n    <div class=\"moteur-field-wrapper-group\">\n        <div class=\"moteur-field-wrapper\">\n            <input type=\"checkbox\" name=\"handicap\" id=\"cbox-handicap\">\n            <label for=\"cbox-handicap\">\n                <i class=\"icon icon-handicap\"><\/i>\n            <\/label>\n        <\/div>\n\n        <div class=\"moteur-field-wrapper\">\n            <input type=\"checkbox\" name=\"gratuit\" id=\"cbox-gratuit\">\n            <label for=\"cbox-gratuit\">\n                <i class=\"icon icon-gratuit\"><\/i>\n            <\/label>\n        <\/div>\n    <\/div>\n\n    <div class=\"moteur-submit\">\n        <button type=\"submit\" class=\"btn\">search<\/button>\n<div class=\"mts moteur-submit__reset-filters-wrapper\"><a id=\"reset-filters\" href=\"#\" class=\"sub-btn-link\">Reset filters<\/a><\/div>\n    <\/div>\n<\/form>\n<div class=\"list-block\"><div id=\"wp84apidae-list\"><div class=\"list-block-item\">\n\t\t\t<a href=\"\/en\/pm\/fete_et_manifestation\/megeve\/exposition-pierre-margara-lintuition-des-cimes-pierre-margara\/7510154-24\" title=\"Exposition \"Pierre Margara, L'intuition des Cimes\" - Pierre Margara\" class=\"hover-triggerer\">\n\t\t\t\t<div class=\"list-block-item__overflow-container\">\n\t\t\t\t\t<div class=\"list-block-item__img\">\n\t\t\t\t\t\t<img decoding=\"async\" src=\"https:\/\/static.apidae-tourisme.com\/filestore\/objets-touristiques\/images\/171\/218\/34069163-diaporama.jpg\" alt=\"\">\n\t\t\t\t\t<\/div>\n\t\t\t\t\t<div class=\"list-block-item__content-wrapper\">\n\t\t\t\t\t\t<div class=\"list-block-item__content no-link\">\n\t\t\t\t\t\t\t<div class=\"list-block-item__title\">\n\t\t\t\t\t\t\t\t<span>The<\/span> December 20th <span>, and<\/span> June 13th<span> +1 date<\/span>\n\t\t\t\t\t\t\t<\/div>\n\t\t\t\t\t\t<\/div>\n\t\t\t\t\t<\/div>\n\t\t\t\t<\/div>\n\t\t\t\t<div class=\"list-block-item__subcontent-wrapper\">\n\t\t\t\t\t<div class=\"list-block-item__subcontent\">\n\t\t\t\t\t\t<div class=\"list-block-item__subtitle\">Exposition \"Pierre Margara, L'intuition des Cimes\" - Pierre Margara<\/div>\n\t\t\t\t\t<\/div>\t\t\t\t\n\t\t\t\t\t<div class=\"list-block-item__link link-plus\"><\/div>\n\t\t\t\t<\/div>\n\t\t\t<\/a>\n\t\t<\/div><div class=\"list-block-item\">\n\t\t\t<a href=\"\/en\/pm\/fete_et_manifestation\/megeve\/exposition-engage-francois-de-menthon-combattant-pour-nos-libertes\/7727081-24\" title=\"Exposition : \"Engag\u00e9 ! Fran\u00e7ois de Menthon, combattant pour nos libert\u00e9s\"\" class=\"hover-triggerer\">\n\t\t\t\t<div class=\"list-block-item__overflow-container\">\n\t\t\t\t\t<div class=\"list-block-item__img\">\n\t\t\t\t\t\t<img decoding=\"async\" src=\"https:\/\/static.apidae-tourisme.com\/filestore\/objets-touristiques\/images\/175\/133\/39028143-diaporama.png\" alt=\"\">\n\t\t\t\t\t<\/div>\n\t\t\t\t\t<div class=\"list-block-item__content-wrapper\">\n\t\t\t\t\t\t<div class=\"list-block-item__content no-link\">\n\t\t\t\t\t\t\t<div class=\"list-block-item__title\">\n\t\t\t\t\t\t\t\t<span>The<\/span> April 21st <span> and<\/span> May 5th\n\t\t\t\t\t\t\t<\/div>\n\t\t\t\t\t\t<\/div>\n\t\t\t\t\t<\/div>\n\t\t\t\t<\/div>\n\t\t\t\t<div class=\"list-block-item__subcontent-wrapper\">\n\t\t\t\t\t<div class=\"list-block-item__subcontent\">\n\t\t\t\t\t\t<div class=\"list-block-item__subtitle\">Exposition : \"Engag\u00e9 ! Fran\u00e7ois de Menthon, combattant pour nos libert\u00e9s\"<\/div>\n\t\t\t\t\t<\/div>\t\t\t\t\n\t\t\t\t\t<div class=\"list-block-item__link link-plus\"><\/div>\n\t\t\t\t<\/div>\n\t\t\t<\/a>\n\t\t<\/div><div class=\"list-block-item\">\n\t\t\t<a href=\"\/en\/pm\/fete_et_manifestation\/megeve\/aide-au-clic\/6072009-24\" title=\"Aide au Clic\" class=\"hover-triggerer\">\n\t\t\t\t<div class=\"list-block-item__overflow-container\">\n\t\t\t\t\t<div class=\"list-block-item__img\">\n\t\t\t\t\t\t<img decoding=\"async\" src=\"https:\/\/static.apidae-tourisme.com\/filestore\/objets-touristiques\/images\/27\/15\/13438747-diaporama.jpg\" alt=\"\">\n\t\t\t\t\t<\/div>\n\t\t\t\t\t<div class=\"list-block-item__content-wrapper\">\n\t\t\t\t\t\t<div class=\"list-block-item__content no-link\">\n\t\t\t\t\t\t\t<div class=\"list-block-item__title\">\n\t\t\t\t\t\t\t\t<span>from<\/span> May 5th <span>till<\/span> June 30th\n\t\t\t\t\t\t\t<\/div>\n\t\t\t\t\t\t<\/div>\n\t\t\t\t\t<\/div>\n\t\t\t\t<\/div>\n\t\t\t\t<div class=\"list-block-item__subcontent-wrapper\">\n\t\t\t\t\t<div class=\"list-block-item__subcontent\">\n\t\t\t\t\t\t<div class=\"list-block-item__subtitle\">Aide au Clic<\/div>\n\t\t\t\t\t<\/div>\t\t\t\t\n\t\t\t\t\t<div class=\"list-block-item__link link-plus\"><\/div>\n\t\t\t\t<\/div>\n\t\t\t<\/a>\n\t\t<\/div><div class=\"list-block-item\">\n\t\t\t<a href=\"\/en\/pm\/activite\/megeve\/soiree-evasion-creative-activites-manuelles\/4792139-24\" title=\"Soir\u00e9e \u00c9vasion cr\u00e9ative : activit\u00e9s manuelles\" class=\"hover-triggerer\">\n\t\t\t\t<div class=\"list-block-item__overflow-container\">\n\t\t\t\t\t<div class=\"list-block-item__img\">\n\t\t\t\t\t\t<img decoding=\"async\" src=\"https:\/\/static.apidae-tourisme.com\/filestore\/objets-touristiques\/images\/145\/85\/34624913-diaporama.jpg\" alt=\"Soir\u00e9e \u00c9vasion cr\u00e9ative : activit\u00e9s manuelles_Meg\u00e8ve\">\n\t\t\t\t\t<\/div>\n\t\t\t\t\t<div class=\"list-block-item__content-wrapper\">\n\t\t\t\t\t\t<div class=\"list-block-item__content no-link\">\n\t\t\t\t\t\t\t<div class=\"list-block-item__title\">\n\t\t\t\t\t\t\t\t<span>The<\/span> May 6th <span> and<\/span> June 3rd\n\t\t\t\t\t\t\t<\/div>\n\t\t\t\t\t\t<\/div>\n\t\t\t\t\t<\/div>\n\t\t\t\t<\/div>\n\t\t\t\t<div class=\"list-block-item__subcontent-wrapper\">\n\t\t\t\t\t<div class=\"list-block-item__subcontent\">\n\t\t\t\t\t\t<div class=\"list-block-item__subtitle\">Soir\u00e9e \u00c9vasion cr\u00e9ative : activit\u00e9s manuelles<\/div>\n\t\t\t\t\t<\/div>\t\t\t\t\n\t\t\t\t\t<div class=\"list-block-item__link link-plus\"><\/div>\n\t\t\t\t<\/div>\n\t\t\t<\/a>\n\t\t<\/div><div class=\"list-block-item\">\n\t\t\t<a href=\"\/en\/pm\/fete_et_manifestation\/megeve\/storytime-for-baby-readers\/198738-24\" title=\"Storytime for baby readers\" class=\"hover-triggerer\">\n\t\t\t\t<div class=\"list-block-item__overflow-container\">\n\t\t\t\t\t<div class=\"list-block-item__img\">\n\t\t\t\t\t\t<img decoding=\"async\" src=\"https:\/\/static.apidae-tourisme.com\/filestore\/objets-touristiques\/images\/98\/88\/10770530-diaporama.jpg\" alt=\"\">\n\t\t\t\t\t<\/div>\n\t\t\t\t\t<div class=\"list-block-item__content-wrapper\">\n\t\t\t\t\t\t<div class=\"list-block-item__content no-link\">\n\t\t\t\t\t\t\t<div class=\"list-block-item__title\">\n\t\t\t\t\t\t\t\t<span>The<\/span> May 9th <span> and<\/span> June 6th\n\t\t\t\t\t\t\t<\/div>\n\t\t\t\t\t\t<\/div>\n\t\t\t\t\t<\/div>\n\t\t\t\t<\/div>\n\t\t\t\t<div class=\"list-block-item__subcontent-wrapper\">\n\t\t\t\t\t<div class=\"list-block-item__subcontent\">\n\t\t\t\t\t\t<div class=\"list-block-item__subtitle\">Storytime for baby readers<\/div>\n\t\t\t\t\t<\/div>\t\t\t\t\n\t\t\t\t\t<div class=\"list-block-item__link link-plus\"><\/div>\n\t\t\t\t<\/div>\n\t\t\t<\/a>\n\t\t<\/div><div class=\"list-block-item\">\n\t\t\t<a href=\"\/en\/pm\/fete_et_manifestation\/megeve\/heure-du-conte\/214384-24\" title=\"Heure du conte\" class=\"hover-triggerer\">\n\t\t\t\t<div class=\"list-block-item__overflow-container\">\n\t\t\t\t\t<div class=\"list-block-item__img\">\n\t\t\t\t\t\t<img decoding=\"async\" src=\"https:\/\/static.apidae-tourisme.com\/filestore\/objets-touristiques\/images\/53\/254\/30080565-diaporama.jpg\" alt=\"Storytelling hour_Meg\u00e8ve\">\n\t\t\t\t\t<\/div>\n\t\t\t\t\t<div class=\"list-block-item__content-wrapper\">\n\t\t\t\t\t\t<div class=\"list-block-item__content no-link\">\n\t\t\t\t\t\t\t<div class=\"list-block-item__title\">\n\t\t\t\t\t\t\t\t<span>From<\/span> April 1st <span> to<\/span> April 29th<span> +3 dates<\/span>\n\t\t\t\t\t\t\t<\/div>\n\t\t\t\t\t\t<\/div>\n\t\t\t\t\t<\/div>\n\t\t\t\t<\/div>\n\t\t\t\t<div class=\"list-block-item__subcontent-wrapper\">\n\t\t\t\t\t<div class=\"list-block-item__subcontent\">\n\t\t\t\t\t\t<div class=\"list-block-item__subtitle\">Heure du conte<\/div>\n\t\t\t\t\t<\/div>\t\t\t\t\n\t\t\t\t\t<div class=\"list-block-item__link link-plus\"><\/div>\n\t\t\t\t<\/div>\n\t\t\t<\/a>\n\t\t<\/div><\/div><div id=\"wp84apidae-pages\"><\/div>\n\n<div class=\"moteur-pagination\">\n<ul class=\"adtlistpage\"><li><span>1<\/span><\/li>\n<li><a href=\"https:\/\/pm.spinon.fr\/en\/calendar\/2\/\" title=\"aller \u00e0 la page 2\">2<\/a><\/li>\n<li><a href=\"https:\/\/pm.spinon.fr\/en\/calendar\/3\/\" title=\"aller \u00e0 la page 3\">3<\/a><\/li>\n<li><a href=\"https:\/\/pm.spinon.fr\/en\/calendar\/4\/\" title=\"aller \u00e0 la page 4\">4<\/a><\/li><\/ul><a href=\"https:\/\/pm.spinon.fr\/en\/calendar\/2\/\" title=\"aller \u00e0 la page suivante\">&gt;&gt;<\/a>\n<\/div><\/div>\n","protected":false},"excerpt":{"rendered":"","protected":false},"author":4,"featured_media":0,"parent":0,"menu_order":0,"comment_status":"closed","ping_status":"closed","template":"","meta":{"_acf_changed":false,"inline_featured_image":false,"footnotes":""},"class_list":["post-706","page","type-page","status-publish","hentry"],"acf":[],"_links":{"self":[{"href":"https:\/\/pm.spinon.fr\/en\/wp-json\/wp\/v2\/pages\/706","targetHints":{"allow":["GET"]}}],"collection":[{"href":"https:\/\/pm.spinon.fr\/en\/wp-json\/wp\/v2\/pages"}],"about":[{"href":"https:\/\/pm.spinon.fr\/en\/wp-json\/wp\/v2\/types\/page"}],"author":[{"embeddable":true,"href":"https:\/\/pm.spinon.fr\/en\/wp-json\/wp\/v2\/users\/4"}],"replies":[{"embeddable":true,"href":"https:\/\/pm.spinon.fr\/en\/wp-json\/wp\/v2\/comments?post=706"}],"version-history":[{"count":4,"href":"https:\/\/pm.spinon.fr\/en\/wp-json\/wp\/v2\/pages\/706\/revisions"}],"predecessor-version":[{"id":713,"href":"https:\/\/pm.spinon.fr\/en\/wp-json\/wp\/v2\/pages\/706\/revisions\/713"}],"wp:attachment":[{"href":"https:\/\/pm.spinon.fr\/en\/wp-json\/wp\/v2\/media?parent=706"}],"curies":[{"name":"wp","href":"https:\/\/api.w.org\/{rel}","templated":true}]}}