{"id":717,"date":"2018-09-20T10:21:41","date_gmt":"2018-09-20T08:21:41","guid":{"rendered":"http:\/\/pm.spinon.fr\/?page_id=717"},"modified":"2018-09-20T10:46:38","modified_gmt":"2018-09-20T08:46:38","slug":"activities-adults","status":"publish","type":"page","link":"https:\/\/pm.spinon.fr\/en\/activities-adults\/","title":{"rendered":"Our activities - adults"},"content":{"rendered":"<form class=\"moteur-wrapper\" method=\"GET\" action>\n    <div class=\"moteur-field-wrapper w200p field-select\">\n        <select name=\"apisearch\" id=\"apisearch\">\n            <option value=\"\">type of activity<\/option>\n            \n                <option value=\"activites-culturelles\">Cultural activities<\/option>\n            \n                <option value=\"activites-sportives\">Sporting activities<\/option>\n        <\/select>\n    <\/div>\n\n    <div class=\"moteur-field-wrapper-group\">\n        <div class=\"moteur-field-wrapper field-date\">\n            <div class=\"field-datepicker-container\"><\/div>\n            <div class=\"field-icon field-icon--calendar\"><\/div>\n            <input id=\"datedebut\" class=\"js-pickadate\" type=\"date\" name=\"datedebut\" data-min-for=\"datefin\" placeholder=\"arrival\"\n                value=\"\" \/>\n        <\/div>\n        <div class=\"moteur-field-wrapper field-date\">\n            <div class=\"field-datepicker-container\"><\/div>\n            <div class=\"field-icon field-icon--calendar\"><\/div>\n            <input id=\"datefin\" class=\"js-pickadate\" type=\"date\" name=\"datefin\" data-max-for=\"datedebut\" placeholder=\"departure\"\n                value=\"\" \/>\n        <\/div>\n    <\/div>\n\n    <div class=\"moteur-field-wrapper field-search\">\n        <div class=\"field-icon field-icon--loupe\"><\/div>\n        <input id=\"sq\" name=\"sq\" type=\"text\" placeholder=\"search...\">\n    <\/div>\n\n    <div class=\"moteur-field-wrapper-group\">\n        <div class=\"moteur-field-wrapper\">\n            <input type=\"checkbox\" name=\"handicap\" id=\"cbox-handicap\">\n            <label for=\"cbox-handicap\">\n                <i class=\"icon icon-handicap\"><\/i>\n            <\/label>\n        <\/div>\n\n        <div class=\"moteur-field-wrapper\">\n            <input type=\"checkbox\" name=\"gratuit\" id=\"cbox-gratuit\">\n            <label for=\"cbox-gratuit\">\n                <i class=\"icon icon-gratuit\"><\/i>\n            <\/label>\n        <\/div>\n    <\/div>\n\n    <div class=\"moteur-submit\">\n        <button type=\"submit\" class=\"btn\">search<\/button>\n<div class=\"mts moteur-submit__reset-filters-wrapper\"><a id=\"reset-filters\" href=\"#\" class=\"sub-btn-link\">Reset filters<\/a><\/div>\n    <\/div>\n<\/form>\n<div class=\"list-block\"><div id=\"wp84apidae-list\"><div class=\"list-block-item\">\n\t\t\t<a href=\"\/en\/pm\/activite\/megeve\/initiation-curling\/173684-29\" title=\"Initiation Curling\" class=\"hover-triggerer\">\n\t\t\t\t<div class=\"list-block-item__overflow-container\">\n\t\t\t\t\t<div class=\"list-block-item__img\">\n\t\t\t\t\t\t<img decoding=\"async\" src=\"https:\/\/static.apidae-tourisme.com\/filestore\/objets-touristiques\/images\/66\/145\/25596226-diaporama.jpg\" alt=\"\">\n\t\t\t\t\t<\/div>\n\t\t\t\t\t<div class=\"list-block-item__content-wrapper\">\n\t\t\t\t\t\t<div class=\"list-block-item__content no-link\">\n\t\t\t\t\t\t\t<div class=\"list-block-item__title\">\n\t\t\t\t\t\t\t\t<span>The<\/span> September 1st <span> and<\/span> September 12th\n\t\t\t\t\t\t\t<\/div>\n\t\t\t\t\t\t<\/div>\n\t\t\t\t\t<\/div>\n\t\t\t\t<\/div>\n\t\t\t\t<div class=\"list-block-item__subcontent-wrapper\">\n\t\t\t\t\t<div class=\"list-block-item__subcontent\">\n\t\t\t\t\t\t<div class=\"list-block-item__subtitle\">Initiation Curling<\/div>\n\t\t\t\t\t<\/div>\t\t\t\t\n\t\t\t\t\t<div class=\"list-block-item__link link-plus\"><\/div>\n\t\t\t\t<\/div>\n\t\t\t<\/a>\n\t\t<\/div><div class=\"list-block-item\">\n\t\t\t<a href=\"\/en\/pm\/activite\/megeve\/pottery-classes\/662924-29\" title=\"Pottery classes\" class=\"hover-triggerer\">\n\t\t\t\t<div class=\"list-block-item__overflow-container\">\n\t\t\t\t\t<div class=\"list-block-item__img\">\n\t\t\t\t\t\t<img decoding=\"async\" src=\"https:\/\/static.apidae-tourisme.com\/filestore\/objets-touristiques\/images\/13\/139\/10783501-diaporama.png\" alt=\"\">\n\t\t\t\t\t<\/div>\n\t\t\t\t\t<div class=\"list-block-item__content-wrapper\">\n\t\t\t\t\t\t<div class=\"list-block-item__content no-link\">\n\t\t\t\t\t\t\t<div class=\"list-block-item__title\">\n\t\t\t\t\t\t\t\t<span>The<\/span> February 23rd <span> and<\/span> April 20th\n\t\t\t\t\t\t\t<\/div>\n\t\t\t\t\t\t<\/div>\n\t\t\t\t\t<\/div>\n\t\t\t\t<\/div>\n\t\t\t\t<div class=\"list-block-item__subcontent-wrapper\">\n\t\t\t\t\t<div class=\"list-block-item__subcontent\">\n\t\t\t\t\t\t<div class=\"list-block-item__subtitle\">Pottery classes<\/div>\n\t\t\t\t\t<\/div>\t\t\t\t\n\t\t\t\t\t<div class=\"list-block-item__link link-plus\"><\/div>\n\t\t\t\t<\/div>\n\t\t\t<\/a>\n\t\t<\/div><div class=\"list-block-item\">\n\t\t\t<a href=\"\/en\/pm\/activite\/megeve\/ice-stock-for-beginners\/857353-29\" title=\"Ice Stock for beginners\" class=\"hover-triggerer\">\n\t\t\t\t<div class=\"list-block-item__overflow-container\">\n\t\t\t\t\t<div class=\"list-block-item__img\">\n\t\t\t\t\t\t<img decoding=\"async\" src=\"https:\/\/static.apidae-tourisme.com\/filestore\/objets-touristiques\/images\/179\/248\/1702067-diaporama.jpg\" alt=\"\">\n\t\t\t\t\t<\/div>\n\t\t\t\t\t<div class=\"list-block-item__content-wrapper\">\n\t\t\t\t\t\t<div class=\"list-block-item__content no-link\">\n\t\t\t\t\t\t\t<div class=\"list-block-item__title\">\n\t\t\t\t\t\t\t\t<span>from<\/span> January 1st <span>till<\/span> December 31st\n\t\t\t\t\t\t\t<\/div>\n\t\t\t\t\t\t<\/div>\n\t\t\t\t\t<\/div>\n\t\t\t\t<\/div>\n\t\t\t\t<div class=\"list-block-item__subcontent-wrapper\">\n\t\t\t\t\t<div class=\"list-block-item__subcontent\">\n\t\t\t\t\t\t<div class=\"list-block-item__subtitle\">Ice Stock for beginners<\/div>\n\t\t\t\t\t<\/div>\t\t\t\t\n\t\t\t\t\t<div class=\"list-block-item__link link-plus\"><\/div>\n\t\t\t\t<\/div>\n\t\t\t<\/a>\n\t\t<\/div><div class=\"list-block-item\">\n\t\t\t<a href=\"\/en\/pm\/activite\/megeve\/broomball-for-beginners\/911185-29\" title=\"Broomball for beginners\" class=\"hover-triggerer\">\n\t\t\t\t<div class=\"list-block-item__overflow-container\">\n\t\t\t\t\t<div class=\"list-block-item__img\">\n\t\t\t\t\t\t<img decoding=\"async\" src=\"https:\/\/static.apidae-tourisme.com\/filestore\/objets-touristiques\/images\/206\/226\/1827534-diaporama.jpg\" alt=\"\">\n\t\t\t\t\t<\/div>\n\t\t\t\t\t<div class=\"list-block-item__content-wrapper\">\n\t\t\t\t\t\t<div class=\"list-block-item__content no-link\">\n\t\t\t\t\t\t\t<div class=\"list-block-item__title\">\n\t\t\t\t\t\t\t\t<span>from<\/span> January 1st <span>till<\/span> December 31st\n\t\t\t\t\t\t\t<\/div>\n\t\t\t\t\t\t<\/div>\n\t\t\t\t\t<\/div>\n\t\t\t\t<\/div>\n\t\t\t\t<div class=\"list-block-item__subcontent-wrapper\">\n\t\t\t\t\t<div class=\"list-block-item__subcontent\">\n\t\t\t\t\t\t<div class=\"list-block-item__subtitle\">Broomball for beginners<\/div>\n\t\t\t\t\t<\/div>\t\t\t\t\n\t\t\t\t\t<div class=\"list-block-item__link link-plus\"><\/div>\n\t\t\t\t<\/div>\n\t\t\t<\/a>\n\t\t<\/div><div class=\"list-block-item\">\n\t\t\t<a href=\"\/en\/pm\/activite\/megeve\/soiree-evasion-creative-activites-manuelles\/4792139-29\" title=\"Soir\u00e9e \u00c9vasion cr\u00e9ative : activit\u00e9s manuelles\" class=\"hover-triggerer\">\n\t\t\t\t<div class=\"list-block-item__overflow-container\">\n\t\t\t\t\t<div class=\"list-block-item__img\">\n\t\t\t\t\t\t<img decoding=\"async\" src=\"https:\/\/static.apidae-tourisme.com\/filestore\/objets-touristiques\/images\/145\/85\/34624913-diaporama.jpg\" alt=\"Soir\u00e9e \u00c9vasion cr\u00e9ative : activit\u00e9s manuelles_Meg\u00e8ve\">\n\t\t\t\t\t<\/div>\n\t\t\t\t\t<div class=\"list-block-item__content-wrapper\">\n\t\t\t\t\t\t<div class=\"list-block-item__content no-link\">\n\t\t\t\t\t\t\t<div class=\"list-block-item__title\">\n\t\t\t\t\t\t\t\t<span>The<\/span> May 6th <span> and<\/span> June 3rd\n\t\t\t\t\t\t\t<\/div>\n\t\t\t\t\t\t<\/div>\n\t\t\t\t\t<\/div>\n\t\t\t\t<\/div>\n\t\t\t\t<div class=\"list-block-item__subcontent-wrapper\">\n\t\t\t\t\t<div class=\"list-block-item__subcontent\">\n\t\t\t\t\t\t<div class=\"list-block-item__subtitle\">Soir\u00e9e \u00c9vasion cr\u00e9ative : activit\u00e9s manuelles<\/div>\n\t\t\t\t\t<\/div>\t\t\t\t\n\t\t\t\t\t<div class=\"list-block-item__link link-plus\"><\/div>\n\t\t\t\t<\/div>\n\t\t\t<\/a>\n\t\t<\/div><div class=\"list-block-item\">\n\t\t\t<a href=\"\/en\/pm\/activite\/megeve\/bubble-football-for-beginners\/6657593-29\" title=\"Bubble Football for beginners\" class=\"hover-triggerer\">\n\t\t\t\t<div class=\"list-block-item__overflow-container\">\n\t\t\t\t\t<div class=\"list-block-item__img\">\n\t\t\t\t\t\t<img decoding=\"async\" src=\"https:\/\/static.apidae-tourisme.com\/filestore\/objets-touristiques\/images\/139\/76\/19025035-diaporama.jpg\" alt=\"\">\n\t\t\t\t\t<\/div>\n\t\t\t\t\t<div class=\"list-block-item__content-wrapper\">\n\t\t\t\t\t\t<div class=\"list-block-item__content no-link\">\n\t\t\t\t\t\t\t<div class=\"list-block-item__title\">\n\t\t\t\t\t\t\t\t<span>from<\/span> January 1st <span>till<\/span> December 31st\n\t\t\t\t\t\t\t<\/div>\n\t\t\t\t\t\t<\/div>\n\t\t\t\t\t<\/div>\n\t\t\t\t<\/div>\n\t\t\t\t<div class=\"list-block-item__subcontent-wrapper\">\n\t\t\t\t\t<div class=\"list-block-item__subcontent\">\n\t\t\t\t\t\t<div class=\"list-block-item__subtitle\">Bubble Football for beginners<\/div>\n\t\t\t\t\t<\/div>\t\t\t\t\n\t\t\t\t\t<div class=\"list-block-item__link link-plus\"><\/div>\n\t\t\t\t<\/div>\n\t\t\t<\/a>\n\t\t<\/div><\/div><div id=\"wp84apidae-pages\"><\/div>\n\n<div class=\"moteur-pagination\">\n<ul class=\"adtlistpage\"><li><span>1<\/span><\/li>\n<li><a href=\"https:\/\/pm.spinon.fr\/en\/activities-adults\/2\/\" title=\"aller \u00e0 la page 2\">2<\/a><\/li><\/ul><a href=\"https:\/\/pm.spinon.fr\/en\/activities-adults\/2\/\" title=\"aller \u00e0 la page suivante\">&gt;&gt;<\/a>\n<\/div><\/div>\n","protected":false},"excerpt":{"rendered":"","protected":false},"author":4,"featured_media":0,"parent":0,"menu_order":0,"comment_status":"closed","ping_status":"closed","template":"","meta":{"_acf_changed":false,"inline_featured_image":false,"footnotes":""},"class_list":["post-717","page","type-page","status-publish","hentry"],"acf":[],"_links":{"self":[{"href":"https:\/\/pm.spinon.fr\/en\/wp-json\/wp\/v2\/pages\/717","targetHints":{"allow":["GET"]}}],"collection":[{"href":"https:\/\/pm.spinon.fr\/en\/wp-json\/wp\/v2\/pages"}],"about":[{"href":"https:\/\/pm.spinon.fr\/en\/wp-json\/wp\/v2\/types\/page"}],"author":[{"embeddable":true,"href":"https:\/\/pm.spinon.fr\/en\/wp-json\/wp\/v2\/users\/4"}],"replies":[{"embeddable":true,"href":"https:\/\/pm.spinon.fr\/en\/wp-json\/wp\/v2\/comments?post=717"}],"version-history":[{"count":2,"href":"https:\/\/pm.spinon.fr\/en\/wp-json\/wp\/v2\/pages\/717\/revisions"}],"predecessor-version":[{"id":721,"href":"https:\/\/pm.spinon.fr\/en\/wp-json\/wp\/v2\/pages\/717\/revisions\/721"}],"wp:attachment":[{"href":"https:\/\/pm.spinon.fr\/en\/wp-json\/wp\/v2\/media?parent=717"}],"curies":[{"name":"wp","href":"https:\/\/api.w.org\/{rel}","templated":true}]}}